{"id":446,"date":"2017-09-26T12:37:19","date_gmt":"2017-09-26T10:37:19","guid":{"rendered":"https:\/\/slg-neukloster.de\/?page_id=446"},"modified":"2025-11-18T10:27:19","modified_gmt":"2025-11-18T09:27:19","slug":"formulare","status":"publish","type":"page","link":"https:\/\/slg-neukloster.de\/?page_id=446","title":{"rendered":"Formulare"},"content":{"rendered":"<p><a href=\"https:\/\/slg-neukloster.de\/wp-content\/uploads\/2025\/11\/SLG-Neukloster2016eV_Aufnahmeantrag_V2.pdf\" target=\"_blank\" rel=\"noopener noreferrer\">Aufnahmeantrag<\/a><\/p>\n<p><a href=\"https:\/\/slg-neukloster.de\/wp-content\/uploads\/2025\/11\/Aenderung_SLG-Zugehoerigkeit.pdf\" target=\"_blank\" rel=\"noopener noreferrer\">Antrag auf \u00c4nderung der SLG Zugeh\u00f6rigkeit<\/a><\/p>\n<p><a href=\"https:\/\/slg-neukloster.de\/wp-content\/uploads\/2017\/09\/@\u00dcberlassungsschein.pdf\" target=\"_blank\" rel=\"noopener noreferrer\">\u00dcberlassungsschein<\/a><\/p>\n<p><a href=\"https:\/\/slg-neukloster.de\/wp-content\/uploads\/2017\/12\/Schiessbucheinleger_SLG-Neukloster.pdf\" target=\"_blank\" rel=\"noopener noreferrer\">Schie\u00dfbucheinleger<\/a><\/p>\n\n\n<p><\/p>\n","protected":false},"excerpt":{"rendered":"<p>Aufnahmeantrag Antrag auf \u00c4nderung der SLG Zugeh\u00f6rigkeit \u00dcberlassungsschein Schie\u00dfbucheinleger<\/p>\n","protected":false},"author":2,"featured_media":0,"parent":0,"menu_order":0,"comment_status":"closed","ping_status":"closed","template":"","meta":{"colormag_page_container_layout":"default_layout","colormag_page_sidebar_layout":"default_layout","footnotes":""},"class_list":["post-446","page","type-page","status-publish","hentry"],"_links":{"self":[{"href":"https:\/\/slg-neukloster.de\/index.php?rest_route=\/wp\/v2\/pages\/446","targetHints":{"allow":["GET"]}}],"collection":[{"href":"https:\/\/slg-neukloster.de\/index.php?rest_route=\/wp\/v2\/pages"}],"about":[{"href":"https:\/\/slg-neukloster.de\/index.php?rest_route=\/wp\/v2\/types\/page"}],"author":[{"embeddable":true,"href":"https:\/\/slg-neukloster.de\/index.php?rest_route=\/wp\/v2\/users\/2"}],"replies":[{"embeddable":true,"href":"https:\/\/slg-neukloster.de\/index.php?rest_route=%2Fwp%2Fv2%2Fcomments&post=446"}],"version-history":[{"count":9,"href":"https:\/\/slg-neukloster.de\/index.php?rest_route=\/wp\/v2\/pages\/446\/revisions"}],"predecessor-version":[{"id":888,"href":"https:\/\/slg-neukloster.de\/index.php?rest_route=\/wp\/v2\/pages\/446\/revisions\/888"}],"wp:attachment":[{"href":"https:\/\/slg-neukloster.de\/index.php?rest_route=%2Fwp%2Fv2%2Fmedia&parent=446"}],"curies":[{"name":"wp","href":"https:\/\/api.w.org\/{rel}","templated":true}]}}